{"id":27,"date":"2015-07-07T14:26:19","date_gmt":"2015-07-07T13:26:19","guid":{"rendered":"https:\/\/tahoservis.wordpress.com\/?page_id=27"},"modified":"2023-07-21T21:42:25","modified_gmt":"2023-07-21T19:42:25","slug":"kontakt","status":"publish","type":"page","link":"https:\/\/tahoservis.me\/?page_id=27","title":{"rendered":"KONTAKT"},"content":{"rendered":"<p>TAHOSERVIS LALE d.o.o.<br>\u0160kolska 13, 81400 Nik\u0161i\u0107,<br>adresa servisa \u2013 Podgori\u010dki put bb,<br>Nik\u0161i\u0107, CRNA GORA<br>mob: +382 69 041 750<br>mob: +382 67 353 242<br>e-mail: tahoservis@t-com.me<\/p>\n<p><a href=\"http:\/\/tahoservis.me\/wp-content\/uploads\/2015\/07\/cropped-20150623_113952_resize1.jpg\"><img loading=\"lazy\" decoding=\"async\" class=\"size-medium wp-image-16 aligncenter\" src=\"http:\/\/tahoservis.me\/wp-content\/uploads\/2015\/07\/cropped-20150623_113952_resize1-300x170.jpg\" alt=\"cropped-20150623_113952_resize1.jpg\" width=\"300\" height=\"170\" srcset=\"https:\/\/tahoservis.me\/wp-content\/uploads\/2015\/07\/cropped-20150623_113952_resize1-300x170.jpg 300w, https:\/\/tahoservis.me\/wp-content\/uploads\/2015\/07\/cropped-20150623_113952_resize1-1024x580.jpg 1024w, https:\/\/tahoservis.me\/wp-content\/uploads\/2015\/07\/cropped-20150623_113952_resize1.jpg 1500w\" sizes=\"auto, (max-width: 300px) 100vw, 300px\" \/><\/a><\/p>\n<p><a href=\"https:\/\/www.stoneridgeelectronics.com\/service-network?country=ME&amp;digital_analogue=All&amp;postcode%5Bpostal_code%5D=&amp;keyword=\" target=\"_blank\" rel=\"noopener noreferrer\">Stoneridge Electronics &#8211; servisna mre\u017ea<\/a><\/p>\n<p><a href=\"http:\/\/vdo-partner.com\/Vdo\/index\" target=\"_blank\" rel=\"noopener noreferrer\">VDO &#8211; servisna mre\u017ea<\/a><\/p>\n\n\n<p><\/p>\n","protected":false},"excerpt":{"rendered":"<p>TAHOSERVIS LALE d.o.o.\u0160kolska 13, 81400 Nik\u0161i\u0107,adresa servisa \u2013 Podgori\u010dki put bb,Nik\u0161i\u0107, CRNA GORAmob: +382 69 041 750mob: +382 67 353 242e-mail: tahoservis@t-com.me Stoneridge Electronics &#8211; servisna mre\u017ea VDO &#8211; servisna mre\u017ea<\/p>\n","protected":false},"author":2,"featured_media":0,"parent":0,"menu_order":0,"comment_status":"closed","ping_status":"open","template":"","meta":{"footnotes":""},"class_list":["post-27","page","type-page","status-publish","hentry"],"_links":{"self":[{"href":"https:\/\/tahoservis.me\/index.php?rest_route=\/wp\/v2\/pages\/27","targetHints":{"allow":["GET"]}}],"collection":[{"href":"https:\/\/tahoservis.me\/index.php?rest_route=\/wp\/v2\/pages"}],"about":[{"href":"https:\/\/tahoservis.me\/index.php?rest_route=\/wp\/v2\/types\/page"}],"author":[{"embeddable":true,"href":"https:\/\/tahoservis.me\/index.php?rest_route=\/wp\/v2\/users\/2"}],"replies":[{"embeddable":true,"href":"https:\/\/tahoservis.me\/index.php?rest_route=%2Fwp%2Fv2%2Fcomments&post=27"}],"version-history":[{"count":14,"href":"https:\/\/tahoservis.me\/index.php?rest_route=\/wp\/v2\/pages\/27\/revisions"}],"predecessor-version":[{"id":241,"href":"https:\/\/tahoservis.me\/index.php?rest_route=\/wp\/v2\/pages\/27\/revisions\/241"}],"wp:attachment":[{"href":"https:\/\/tahoservis.me\/index.php?rest_route=%2Fwp%2Fv2%2Fmedia&parent=27"}],"curies":[{"name":"wp","href":"https:\/\/api.w.org\/{rel}","templated":true}]}}