{"id":24,"date":"2015-07-07T14:09:11","date_gmt":"2015-07-07T13:09:11","guid":{"rendered":"https:\/\/tahoservis.wordpress.com\/?page_id=24"},"modified":"2023-07-21T21:44:19","modified_gmt":"2023-07-21T19:44:19","slug":"o-nama","status":"publish","type":"page","link":"https:\/\/tahoservis.me\/","title":{"rendered":"O NAMA"},"content":{"rendered":"<p style=\"text-align: justify;\">&nbsp; &nbsp; &nbsp;Preduze\u0107e TAHO SERVIS LALE d.o.o. je osnovano 2012. godine i nasle\u0111uje SERVIS PRECIZNE MEHANIKE koji se od 1997. godine bavi djelatno\u0161\u0107u ispitivanja funkcionalnosti tahografa, njihovog servisa i ba\u017edarenja.<\/p>\n<p style=\"text-align: justify;\">&nbsp; TAHO SERVIS LALE d.o.o. je zastupnik i ovla\u0161teni servis za tahografe proizvo\u0111a\u010da &#8220;Continental VDO&#8221;, &#8220;Stoneridge Electronics&#8221; i &#8220;Efkon &#8211; Efas&#8221;.<\/p>\n<p style=\"text-align: justify;\">&nbsp; &nbsp; Tako\u0111e u servisu se mogu obaviti sve potrebne radnje na elektro instalaciji vozila za ugradnju tahografa i dava\u010da impulsa na vozilima koja iste nemaju kao serijsku opremu.<\/p>\n","protected":false},"excerpt":{"rendered":"<p>&nbsp; &nbsp; &nbsp;Preduze\u0107e TAHO SERVIS LALE d.o.o. je osnovano 2012. godine i nasle\u0111uje SERVIS PRECIZNE MEHANIKE koji se od 1997. godine bavi djelatno\u0161\u0107u ispitivanja funkcionalnosti tahografa, njihovog servisa i ba\u017edarenja. &nbsp; TAHO SERVIS LALE d.o.o. je zastupnik i ovla\u0161teni servis za tahografe proizvo\u0111a\u010da &#8220;Continental VDO&#8221;, &#8220;Stoneridge Electronics&#8221; i &#8220;Efkon &#8211; Efas&#8221;. &nbsp; &nbsp; Tako\u0111e u &hellip; <a href=\"https:\/\/tahoservis.me\/\" class=\"more-link\">Continue reading <span class=\"screen-reader-text\">O NAMA<\/span> <span class=\"meta-nav\">&rarr;<\/span><\/a><\/p>\n","protected":false},"author":2,"featured_media":0,"parent":0,"menu_order":0,"comment_status":"closed","ping_status":"open","template":"","meta":{"footnotes":""},"class_list":["post-24","page","type-page","status-publish","hentry"],"_links":{"self":[{"href":"https:\/\/tahoservis.me\/index.php?rest_route=\/wp\/v2\/pages\/24","targetHints":{"allow":["GET"]}}],"collection":[{"href":"https:\/\/tahoservis.me\/index.php?rest_route=\/wp\/v2\/pages"}],"about":[{"href":"https:\/\/tahoservis.me\/index.php?rest_route=\/wp\/v2\/types\/page"}],"author":[{"embeddable":true,"href":"https:\/\/tahoservis.me\/index.php?rest_route=\/wp\/v2\/users\/2"}],"replies":[{"embeddable":true,"href":"https:\/\/tahoservis.me\/index.php?rest_route=%2Fwp%2Fv2%2Fcomments&post=24"}],"version-history":[{"count":9,"href":"https:\/\/tahoservis.me\/index.php?rest_route=\/wp\/v2\/pages\/24\/revisions"}],"predecessor-version":[{"id":242,"href":"https:\/\/tahoservis.me\/index.php?rest_route=\/wp\/v2\/pages\/24\/revisions\/242"}],"wp:attachment":[{"href":"https:\/\/tahoservis.me\/index.php?rest_route=%2Fwp%2Fv2%2Fmedia&parent=24"}],"curies":[{"name":"wp","href":"https:\/\/api.w.org\/{rel}","templated":true}]}}