{"id":131,"date":"2015-08-28T09:53:21","date_gmt":"2015-08-28T07:53:21","guid":{"rendered":"http:\/\/tahoservis.me\/?page_id=131"},"modified":"2015-08-29T01:17:01","modified_gmt":"2015-08-28T23:17:01","slug":"analogni-tahografi","status":"publish","type":"page","link":"https:\/\/tahoservis.me\/?page_id=131","title":{"rendered":"ANALOGNI TAHOGRAFI"},"content":{"rendered":"<p>ANALOGNI &#8211; tahografi koji za zapis koriste dijagram listi\u0107e. Analogne tahografe mo\u017eemo podijeliti na mehani\u010dke i elektronske. <a href=\"http:\/\/tahoservis.me\/wp-content\/uploads\/2015\/08\/8400.jpg\"><img loading=\"lazy\" decoding=\"async\" class=\"alignnone size-full wp-image-170\" src=\"http:\/\/tahoservis.me\/wp-content\/uploads\/2015\/08\/\u043f\u0440\u0435\u0443\u0437\u0438\u043c\u0430\u045a\u0435-4.jpg\" alt=\"\u043f\u0440\u0435\u0443\u0437\u0438\u043c\u0430\u045a\u0435 (4)\" width=\"259\" height=\"194\" \/><img loading=\"lazy\" decoding=\"async\" class=\"alignnone wp-image-157\" src=\"http:\/\/tahoservis.me\/wp-content\/uploads\/2015\/08\/8400.jpg\" alt=\"8400\" width=\"177\" height=\"177\" srcset=\"https:\/\/tahoservis.me\/wp-content\/uploads\/2015\/08\/8400.jpg 225w, https:\/\/tahoservis.me\/wp-content\/uploads\/2015\/08\/8400-150x150.jpg 150w\" sizes=\"auto, (max-width: 177px) 100vw, 177px\" \/><\/a><a href=\"http:\/\/tahoservis.me\/wp-content\/uploads\/2015\/08\/images.jpg\"><img loading=\"lazy\" decoding=\"async\" class=\"alignnone size-medium wp-image-158\" src=\"http:\/\/tahoservis.me\/wp-content\/uploads\/2015\/08\/images.jpg\" alt=\"images\" width=\"275\" height=\"183\" \/><img loading=\"lazy\" decoding=\"async\" class=\" wp-image-161 alignleft\" src=\"http:\/\/tahoservis.me\/wp-content\/uploads\/2015\/08\/\u043f\u0440\u0435\u0443\u0437\u0438\u043c\u0430\u045a\u0435-3.jpg\" alt=\"\u043f\u0440\u0435\u0443\u0437\u0438\u043c\u0430\u045a\u0435 (3)\" width=\"120\" height=\"180\" \/><\/a><\/p>\n<p><a href=\"http:\/\/tahoservis.me\/wp-content\/uploads\/2015\/08\/\u043f\u0440\u0435\u0443\u0437\u0438\u043c\u0430\u045a\u0435-2.jpg\"><img loading=\"lazy\" decoding=\"async\" class=\"size-full wp-image-159 aligncenter\" src=\"http:\/\/tahoservis.me\/wp-content\/uploads\/2015\/08\/\u043f\u0440\u0435\u0443\u0437\u0438\u043c\u0430\u045a\u0435-1.jpg\" alt=\"\u043f\u0440\u0435\u0443\u0437\u0438\u043c\u0430\u045a\u0435 (1)\" width=\"240\" height=\"78\" \/><\/a><\/p>\n<p><img loading=\"lazy\" decoding=\"async\" class=\"size-medium wp-image-162 aligncenter\" src=\"http:\/\/tahoservis.me\/wp-content\/uploads\/2015\/08\/\u043f\u0440\u0435\u0443\u0437\u0438\u043c\u0430\u045a\u0435.jpg\" alt=\"\u043f\u0440\u0435\u0443\u0437\u0438\u043c\u0430\u045a\u0435\" width=\"277\" height=\"182\" \/><img loading=\"lazy\" decoding=\"async\" class=\"size-medium wp-image-160 aligncenter\" src=\"http:\/\/tahoservis.me\/wp-content\/uploads\/2015\/08\/\u043f\u0440\u0435\u0443\u0437\u0438\u043c\u0430\u045a\u0435-2.jpg\" alt=\"\u043f\u0440\u0435\u0443\u0437\u0438\u043c\u0430\u045a\u0435 (2)\" width=\"231\" height=\"184\" \/><\/p>\n<p>&nbsp;<\/p>\n<p>&nbsp;<\/p>\n","protected":false},"excerpt":{"rendered":"<p>ANALOGNI &#8211; tahografi koji za zapis koriste dijagram listi\u0107e. Analogne tahografe mo\u017eemo podijeliti na mehani\u010dke i elektronske. &nbsp; &nbsp;<\/p>\n","protected":false},"author":1,"featured_media":0,"parent":59,"menu_order":0,"comment_status":"closed","ping_status":"closed","template":"","meta":{"footnotes":""},"class_list":["post-131","page","type-page","status-publish","hentry"],"_links":{"self":[{"href":"https:\/\/tahoservis.me\/index.php?rest_route=\/wp\/v2\/pages\/131","targetHints":{"allow":["GET"]}}],"collection":[{"href":"https:\/\/tahoservis.me\/index.php?rest_route=\/wp\/v2\/pages"}],"about":[{"href":"https:\/\/tahoservis.me\/index.php?rest_route=\/wp\/v2\/types\/page"}],"author":[{"embeddable":true,"href":"https:\/\/tahoservis.me\/index.php?rest_route=\/wp\/v2\/users\/1"}],"replies":[{"embeddable":true,"href":"https:\/\/tahoservis.me\/index.php?rest_route=%2Fwp%2Fv2%2Fcomments&post=131"}],"version-history":[{"count":9,"href":"https:\/\/tahoservis.me\/index.php?rest_route=\/wp\/v2\/pages\/131\/revisions"}],"predecessor-version":[{"id":173,"href":"https:\/\/tahoservis.me\/index.php?rest_route=\/wp\/v2\/pages\/131\/revisions\/173"}],"up":[{"embeddable":true,"href":"https:\/\/tahoservis.me\/index.php?rest_route=\/wp\/v2\/pages\/59"}],"wp:attachment":[{"href":"https:\/\/tahoservis.me\/index.php?rest_route=%2Fwp%2Fv2%2Fmedia&parent=131"}],"curies":[{"name":"wp","href":"https:\/\/api.w.org\/{rel}","templated":true}]}}